{"id":332,"date":"2023-09-30T11:06:03","date_gmt":"2023-09-30T14:06:03","guid":{"rendered":"https:\/\/danieldsr.com\/?page_id=332"},"modified":"2026-02-23T14:59:19","modified_gmt":"2026-02-23T17:59:19","slug":"es","status":"publish","type":"page","link":"https:\/\/danieldsr.com\/index.php\/es\/","title":{"rendered":"Espa\u00f1ol"},"content":{"rendered":"\t\t<div data-elementor-type=\"wp-page\" data-elementor-id=\"332\" class=\"elementor elementor-332\">\n\t\t\t\t\t\t\t\t\t<section class=\"elementor-section elementor-top-section elementor-element elementor-element-f7bbecb elementor-section-height-min-height elementor-section-items-bottom elementor-section-full_width elementor-section-height-default\" data-id=\"f7bbecb\" data-element_type=\"section\" data-settings=\"{&quot;background_background&quot;:&quot;classic&quot;}\">\n\t\t\t\t\t\t\t<div class=\"elementor-background-overlay\"><\/div>\n\t\t\t\t\t\t\t<div class=\"elementor-container elementor-column-gap-no\">\n\t\t\t\t\t<div class=\"aux-parallax-section elementor-column elementor-col-100 elementor-top-column elementor-element elementor-element-10f2676\" data-id=\"10f2676\" data-element_type=\"column\">\n\t\t\t<div class=\"elementor-widget-wrap elementor-element-populated\">\n\t\t\t\t\t\t\t\t<div class=\"elementor-element elementor-element-436eda5 elementor-widget elementor-widget-aux_modern_heading\" data-id=\"436eda5\" data-element_type=\"widget\" data-widget_type=\"aux_modern_heading.default\">\n\t\t\t\t<div class=\"elementor-widget-container\">\n\t\t\t<section class=\"aux-widget-modern-heading\">\n            <div class=\"aux-widget-inner\"><h6 class=\"aux-modern-heading-primary\">FOOTBALL AGENT<\/h6><div class=\"aux-modern-heading-divider\"><\/div><p class=\"aux-modern-heading-secondary\"><span class=\"aux-head-before\">DANIEL RODRIGUES<\/span><\/p><\/div>\n        <\/section>\t\t<\/div>\n\t\t\t\t<\/div>\n\t\t\t\t\t<\/div>\n\t\t<\/div>\n\t\t\t\t\t\t\t<\/div>\n\t\t<\/section>\n\t\t\t\t<section class=\"elementor-section elementor-top-section elementor-element elementor-element-820362f aux-appear-watch-animation aux-fade-in-right-1 elementor-section-boxed elementor-section-height-default elementor-section-height-default\" data-id=\"820362f\" data-element_type=\"section\">\n\t\t\t\t\t\t<div class=\"elementor-container elementor-column-gap-default\">\n\t\t\t\t\t<div class=\"aux-parallax-section elementor-column elementor-col-25 elementor-top-column elementor-element elementor-element-28a0454\" data-id=\"28a0454\" data-element_type=\"column\">\n\t\t\t<div class=\"elementor-widget-wrap elementor-element-populated\">\n\t\t\t\t\t\t\t\t<div class=\"elementor-element elementor-element-512f53f elementor-widget elementor-widget-image\" data-id=\"512f53f\" data-element_type=\"widget\" data-widget_type=\"image.default\">\n\t\t\t\t<div class=\"elementor-widget-container\">\n\t\t\t\t\t\t\t\t\t\t\t\t\t\t\t\t<a href=\"https:\/\/danieldsr.com\/\">\n\t\t\t\t\t\t\t<img decoding=\"async\" src=\"https:\/\/danieldsr.com\/wp-content\/uploads\/2023\/09\/brazil-.png\" title=\"brazil-\" alt=\"brazil-\" loading=\"lazy\" \/>\t\t\t\t\t\t\t\t<\/a>\n\t\t\t\t\t\t\t\t\t\t\t\t\t\t\t<\/div>\n\t\t\t\t<\/div>\n\t\t\t\t\t<\/div>\n\t\t<\/div>\n\t\t\t\t<div class=\"aux-parallax-section elementor-column elementor-col-25 elementor-top-column elementor-element elementor-element-a6e8cfb\" data-id=\"a6e8cfb\" data-element_type=\"column\">\n\t\t\t<div class=\"elementor-widget-wrap elementor-element-populated\">\n\t\t\t\t\t\t\t\t<div class=\"elementor-element elementor-element-dbf99a5 elementor-widget elementor-widget-image\" data-id=\"dbf99a5\" data-element_type=\"widget\" data-widget_type=\"image.default\">\n\t\t\t\t<div class=\"elementor-widget-container\">\n\t\t\t\t\t\t\t\t\t\t\t\t\t\t\t\t<a href=\"https:\/\/danieldsr.com\/index.php\/en\/\">\n\t\t\t\t\t\t\t<img decoding=\"async\" src=\"https:\/\/danieldsr.com\/wp-content\/uploads\/2023\/09\/united-states.png\" title=\"united-states\" alt=\"united-states\" loading=\"lazy\" \/>\t\t\t\t\t\t\t\t<\/a>\n\t\t\t\t\t\t\t\t\t\t\t\t\t\t\t<\/div>\n\t\t\t\t<\/div>\n\t\t\t\t\t<\/div>\n\t\t<\/div>\n\t\t\t\t<div class=\"aux-parallax-section elementor-column elementor-col-25 elementor-top-column elementor-element elementor-element-6f24962\" data-id=\"6f24962\" data-element_type=\"column\">\n\t\t\t<div class=\"elementor-widget-wrap elementor-element-populated\">\n\t\t\t\t\t\t\t\t<div class=\"elementor-element elementor-element-af3d863 elementor-widget elementor-widget-image\" data-id=\"af3d863\" data-element_type=\"widget\" data-widget_type=\"image.default\">\n\t\t\t\t<div class=\"elementor-widget-container\">\n\t\t\t\t\t\t\t\t\t\t\t\t\t\t\t\t<a href=\"https:\/\/danieldsr.com\/index.php\/it\/\">\n\t\t\t\t\t\t\t<img decoding=\"async\" src=\"https:\/\/danieldsr.com\/wp-content\/uploads\/2023\/09\/italy.png\" title=\"italy\" alt=\"italy\" loading=\"lazy\" \/>\t\t\t\t\t\t\t\t<\/a>\n\t\t\t\t\t\t\t\t\t\t\t\t\t\t\t<\/div>\n\t\t\t\t<\/div>\n\t\t\t\t\t<\/div>\n\t\t<\/div>\n\t\t\t\t<div class=\"aux-parallax-section elementor-column elementor-col-25 elementor-top-column elementor-element elementor-element-83bc208\" data-id=\"83bc208\" data-element_type=\"column\">\n\t\t\t<div class=\"elementor-widget-wrap elementor-element-populated\">\n\t\t\t\t\t\t\t\t<div class=\"elementor-element elementor-element-1db6806 elementor-widget elementor-widget-image\" data-id=\"1db6806\" data-element_type=\"widget\" data-widget_type=\"image.default\">\n\t\t\t\t<div class=\"elementor-widget-container\">\n\t\t\t\t\t\t\t\t\t\t\t\t\t\t\t\t<a href=\"https:\/\/danieldsr.com\/index.php\/es\/\">\n\t\t\t\t\t\t\t<img decoding=\"async\" src=\"https:\/\/danieldsr.com\/wp-content\/uploads\/2023\/09\/flag.png\" title=\"flag\" alt=\"flag\" loading=\"lazy\" \/>\t\t\t\t\t\t\t\t<\/a>\n\t\t\t\t\t\t\t\t\t\t\t\t\t\t\t<\/div>\n\t\t\t\t<\/div>\n\t\t\t\t\t<\/div>\n\t\t<\/div>\n\t\t\t\t\t\t\t<\/div>\n\t\t<\/section>\n\t\t\t\t<section class=\"elementor-section elementor-top-section elementor-element elementor-element-992c7fa elementor-section-boxed elementor-section-height-default elementor-section-height-default\" data-id=\"992c7fa\" data-element_type=\"section\" id=\"quemsoueu\">\n\t\t\t\t\t\t<div class=\"elementor-container elementor-column-gap-no\">\n\t\t\t\t\t<div class=\"aux-parallax-section elementor-column elementor-col-100 elementor-top-column elementor-element elementor-element-951370b\" data-id=\"951370b\" data-element_type=\"column\">\n\t\t\t<div class=\"elementor-widget-wrap elementor-element-populated\">\n\t\t\t\t\t\t\t\t<div class=\"elementor-element elementor-element-ec1261c aux-appear-watch-animation aux-scale-down elementor-widget elementor-widget-aux_modern_heading\" data-id=\"ec1261c\" data-element_type=\"widget\" data-widget_type=\"aux_modern_heading.default\">\n\t\t\t\t<div class=\"elementor-widget-container\">\n\t\t\t<section class=\"aux-widget-modern-heading\">\n            <div class=\"aux-widget-inner\"><h2 class=\"aux-modern-heading-primary\"><\/h2><h3 class=\"aux-modern-heading-secondary\"><span class=\"aux-head-before\">\u00bfQUIEN SOY YO?<\/span><\/h3><\/div>\n        <\/section>\t\t<\/div>\n\t\t\t\t<\/div>\n\t\t\t\t\t<\/div>\n\t\t<\/div>\n\t\t\t\t\t\t\t<\/div>\n\t\t<\/section>\n\t\t\t\t<section class=\"elementor-section elementor-top-section elementor-element elementor-element-3981772 elementor-section-boxed elementor-section-height-default elementor-section-height-default\" data-id=\"3981772\" data-element_type=\"section\">\n\t\t\t\t\t\t<div class=\"elementor-container elementor-column-gap-default\">\n\t\t\t\t\t<div class=\"aux-parallax-section elementor-column elementor-col-50 elementor-top-column elementor-element elementor-element-061b1b3\" data-id=\"061b1b3\" data-element_type=\"column\">\n\t\t\t<div class=\"elementor-widget-wrap elementor-element-populated\">\n\t\t\t\t\t\t\t\t<div class=\"elementor-element elementor-element-ef2ad87 elementor-widget__width-initial elementor-widget-tablet__width-initial elementor-widget-mobile__width-initial elementor-widget elementor-widget-aux_staff\" data-id=\"ef2ad87\" data-element_type=\"widget\" data-widget_type=\"aux_staff.default\">\n\t\t\t\t<div class=\"elementor-widget-container\">\n\t\t\t<section class=\"aux-wrap-style-simple widget-container aux-widget-staff aux-parent-au64e7a28b\">    <div class=\"aux-staff-container aux-staff-pos-top aux-staff-text-center aux-staff-text-dark \" >\n            <div class=\"aux-staff-header aux-staff-img-circle\">\n            <div class=\"aux-media-image\"><img decoding=\"async\" loading=\"lazy\" width=\"300\" height=\"300\" src=\"https:\/\/danieldsr.com\/wp-content\/uploads\/2023\/09\/Design-sem-nome-2.png\" alt=\"Design sem nome (2)\" srcset=\"https:\/\/danieldsr.com\/wp-content\/uploads\/2023\/09\/Design-sem-nome-2-150x150.png 150w,https:\/\/danieldsr.com\/wp-content\/uploads\/2023\/09\/Design-sem-nome-2-300x300.png 300w,https:\/\/danieldsr.com\/wp-content\/uploads\/2023\/09\/Design-sem-nome-2-768x768.png 768w,https:\/\/danieldsr.com\/wp-content\/uploads\/2023\/09\/Design-sem-nome-2-1024x1024.png 1024w,https:\/\/danieldsr.com\/wp-content\/uploads\/2023\/09\/Design-sem-nome-2.png 300w\" data-ratio=\"1\" data-original-w=\"1080\" \/><\/div>        <\/div>\n            <div class=\"aux-staff-content\">\n                        <h4 class=\"col-title\">Daniel Rodrigues<\/h4>\n                        <h5 class=\"col-subtitle\">Agente de F\u00fatbol<\/h5>\n                    <\/div>\n\n    <\/div>\n\n\n<\/section><!-- widget-container -->\t\t<\/div>\n\t\t\t\t<\/div>\n\t\t\t\t\t<\/div>\n\t\t<\/div>\n\t\t\t\t<div class=\"aux-parallax-section elementor-column elementor-col-50 elementor-top-column elementor-element elementor-element-9500f43\" data-id=\"9500f43\" data-element_type=\"column\">\n\t\t\t<div class=\"elementor-widget-wrap elementor-element-populated\">\n\t\t\t\t\t\t\t\t<div class=\"elementor-element elementor-element-1bceb1b elementor-widget-tablet__width-initial elementor-widget__width-initial elementor-widget elementor-widget-text-editor\" data-id=\"1bceb1b\" data-element_type=\"widget\" data-widget_type=\"text-editor.default\">\n\t\t\t\t<div class=\"elementor-widget-container\">\n\t\t\t\t\t\t\t<p>Mi nombre es Daniel Rodrigues y soy el fundador de la agencia brasile\u00f1a de deportes DSRFootball. Tengo m\u00e1s de 18 a\u00f1os representando jugadores de f\u00fatbol.<\/p><p>Nac\u00ed en la ciudad de Torres, Rio Grande do Sul &#8211; Brasil.<\/p><p>Soy Agente FIFA, acreditado por la Federaci\u00f3n Internacional de F\u00fatbol con la licencia para realizar servicios de representaci\u00f3n y negociaci\u00f3n en nombre de atletas, entrenadores, clubes, ligas, federaciones y confederaciones en el mercado nacional o internacional del f\u00fatbol profesional.<\/p><p>Tengo la certificaci\u00f3n de la FIFA \u201cRepresenting Minors\u201d y tambi\u00e9n soy Intermedio de F\u00fatbol registrado en la CBF desde 2015.<\/p>\t\t\t\t\t\t<\/div>\n\t\t\t\t<\/div>\n\t\t\t\t\t<\/div>\n\t\t<\/div>\n\t\t\t\t\t\t\t<\/div>\n\t\t<\/section>\n\t\t\t\t<section class=\"elementor-section elementor-top-section elementor-element elementor-element-130a5ae elementor-section-boxed elementor-section-height-default elementor-section-height-default\" data-id=\"130a5ae\" data-element_type=\"section\">\n\t\t\t\t\t\t<div class=\"elementor-container elementor-column-gap-no\">\n\t\t\t\t\t<div class=\"aux-parallax-section elementor-column elementor-col-50 elementor-top-column elementor-element elementor-element-b1c8c59\" data-id=\"b1c8c59\" data-element_type=\"column\">\n\t\t\t<div class=\"elementor-widget-wrap elementor-element-populated\">\n\t\t\t\t\t\t\t\t<div class=\"elementor-element elementor-element-7f58086 aux-appear-watch-animation aux-fade-in-up elementor-widget elementor-widget-aux_modern_heading\" data-id=\"7f58086\" data-element_type=\"widget\" data-widget_type=\"aux_modern_heading.default\">\n\t\t\t\t<div class=\"elementor-widget-container\">\n\t\t\t<section class=\"aux-widget-modern-heading\">\n            <div class=\"aux-widget-inner\"><h2 class=\"aux-modern-heading-primary\">EXPERIENCIA<\/h2><h3 class=\"aux-modern-heading-secondary\"><span class=\"aux-head-before\">18 A\u00d1OS<\/span><\/h3><div class=\"aux-modern-heading-description\"><p>Representando jugadores desde hace m\u00e1s de 17 a\u00f1os.<\/p><\/div><\/div>\n        <\/section>\t\t<\/div>\n\t\t\t\t<\/div>\n\t\t\t\t<div class=\"elementor-element elementor-element-7a4fd95 elementor-widget elementor-widget-spacer\" data-id=\"7a4fd95\" data-element_type=\"widget\" data-widget_type=\"spacer.default\">\n\t\t\t\t<div class=\"elementor-widget-container\">\n\t\t\t\t\t<div class=\"elementor-spacer\">\n\t\t\t<div class=\"elementor-spacer-inner\"><\/div>\n\t\t<\/div>\n\t\t\t\t<\/div>\n\t\t\t\t<\/div>\n\t\t\t\t<div class=\"elementor-element elementor-element-7dcb4d2 aux-appear-watch-animation aux-fade-in elementor-widget elementor-widget-aux_button\" data-id=\"7dcb4d2\" data-element_type=\"widget\" data-widget_type=\"aux_button.default\">\n\t\t\t\t<div class=\"elementor-widget-container\">\n\t\t\t<a  href=\"mailto:dsr@danieldsr.com\" target=\"_self\"   class=\"aux-button aux-large aux-black aux-none\" ><span class=\"aux-overlay\"><\/span><span class=\"aux-text\">Escr\u00edbenos y contacta:<\/span><span class=\"aux-icon auxicon auxicon-email-mail-streamline\"><\/span><\/a>\t\t<\/div>\n\t\t\t\t<\/div>\n\t\t\t\t\t<\/div>\n\t\t<\/div>\n\t\t\t\t<div class=\"aux-parallax-section elementor-column elementor-col-50 elementor-top-column elementor-element elementor-element-d532c9c\" data-id=\"d532c9c\" data-element_type=\"column\">\n\t\t\t<div class=\"elementor-widget-wrap elementor-element-populated\">\n\t\t\t\t\t\t\t\t<div class=\"elementor-element elementor-element-bf199b0 elementor-widget elementor-widget-aux_image\" data-id=\"bf199b0\" data-element_type=\"widget\" data-widget_type=\"aux_image.default\">\n\t\t\t\t<div class=\"elementor-widget-container\">\n\t\t\t<section class=\"widget-container aux-widget-image aux-alignnone aux-parent-au2bc15784\">\n    <div class=\"aux-media-hint-frame \">\n        <div class=\"aux-media-image \" >\n        \n            \n\n            \n            <img decoding=\"async\" loading=\"lazy\" width=\"686\" height=\"1200\" src=\"https:\/\/danieldsr.com\/wp-content\/uploads\/2025\/07\/Cartao-FIFA-e-CBF-40x70.png\" class=\"aux-attachment aux-featured-image aux-attachment-id-867 aux-preload aux-has-preview\" alt=\"Cart\u00e3o FIFA e CBF\" data-ratio=\"0.57\" data-original-w=\"686\" data-src=\"https:\/\/danieldsr.com\/wp-content\/uploads\/2025\/07\/Cartao-FIFA-e-CBF.png\" \/>            \n                <\/div>\n    <\/div>\n\n<\/section><!-- widget-container -->\t\t<\/div>\n\t\t\t\t<\/div>\n\t\t\t\t<div class=\"elementor-element elementor-element-8630ce9 elementor-widget__width-initial elementor-widget-tablet__width-initial elementor-widget-mobile__width-initial aux-appear-watch-animation aux-scale-down-1 elementor-widget elementor-widget-text-editor\" data-id=\"8630ce9\" data-element_type=\"widget\" data-widget_type=\"text-editor.default\">\n\t\t\t\t<div class=\"elementor-widget-container\">\n\t\t\t\t\t\t\t<p><a href=\"https:\/\/agents.fifa.com\/license-validation?hash=0b742b00c67f2774cb3011f30927f617d4533f6b0c8c68f6082f21bf813dc216\" target=\"_blank\" rel=\"noopener\"><span style=\"color: white;\">Agente FIFA<\/span><\/a><\/p>\t\t\t\t\t\t<\/div>\n\t\t\t\t<\/div>\n\t\t\t\t\t<\/div>\n\t\t<\/div>\n\t\t\t\t\t\t\t<\/div>\n\t\t<\/section>\n\t\t\t\t<section class=\"elementor-section elementor-top-section elementor-element elementor-element-be0c9a1 elementor-section-boxed elementor-section-height-default elementor-section-height-default\" data-id=\"be0c9a1\" data-element_type=\"section\" id=\"about-us\">\n\t\t\t\t\t\t<div class=\"elementor-container elementor-column-gap-no\">\n\t\t\t\t\t<div class=\"aux-parallax-section elementor-column elementor-col-100 elementor-top-column elementor-element elementor-element-1c1805f\" data-id=\"1c1805f\" data-element_type=\"column\">\n\t\t\t<div class=\"elementor-widget-wrap elementor-element-populated\">\n\t\t\t\t\t\t\t\t<div class=\"elementor-element elementor-element-be8e41a elementor-widget__width-initial elementor--h-position-center elementor--v-position-middle elementor-arrows-position-inside elementor-pagination-position-inside elementor-widget elementor-widget-slides\" data-id=\"be8e41a\" data-element_type=\"widget\" data-settings=\"{&quot;transition_speed&quot;:1000,&quot;navigation&quot;:&quot;both&quot;,&quot;autoplay&quot;:&quot;yes&quot;,&quot;pause_on_hover&quot;:&quot;yes&quot;,&quot;pause_on_interaction&quot;:&quot;yes&quot;,&quot;autoplay_speed&quot;:5000,&quot;infinite&quot;:&quot;yes&quot;,&quot;transition&quot;:&quot;slide&quot;}\" data-widget_type=\"slides.default\">\n\t\t\t\t<div class=\"elementor-widget-container\">\n\t\t\t\t\t<div class=\"elementor-swiper\">\n\t\t\t<div class=\"elementor-slides-wrapper elementor-main-swiper swiper-container\" dir=\"ltr\" data-animation=\"fadeInUp\">\n\t\t\t\t<div class=\"swiper-wrapper elementor-slides\">\n\t\t\t\t\t\t\t\t\t\t<div class=\"elementor-repeater-item-b17ad48 swiper-slide\"><div class=\"swiper-slide-bg\"><\/div><div class=\"swiper-slide-inner\" ><div class=\"swiper-slide-contents\"><\/div><\/div><\/div><div class=\"elementor-repeater-item-b1a676b swiper-slide\"><div class=\"swiper-slide-bg\"><\/div><div class=\"swiper-slide-inner\" ><div class=\"swiper-slide-contents\"><\/div><\/div><\/div><div class=\"elementor-repeater-item-089d83e swiper-slide\"><div class=\"swiper-slide-bg\"><\/div><div class=\"swiper-slide-inner\" ><div class=\"swiper-slide-contents\"><\/div><\/div><\/div><div class=\"elementor-repeater-item-fa33ed2 swiper-slide\"><div class=\"swiper-slide-bg\"><\/div><div class=\"swiper-slide-inner\" ><div class=\"swiper-slide-contents\"><\/div><\/div><\/div>\t\t\t\t<\/div>\n\t\t\t\t\t\t\t\t\t\t\t\t\t\t\t<div class=\"swiper-pagination\"><\/div>\n\t\t\t\t\t\t\t\t\t\t\t\t\t\t\t\t<div class=\"elementor-swiper-button elementor-swiper-button-prev\">\n\t\t\t\t\t\t\t<i aria-hidden=\"true\" class=\"eicon-chevron-left\"><\/i>\t\t\t\t\t\t\t<span class=\"elementor-screen-only\">Previous<\/span>\n\t\t\t\t\t\t<\/div>\n\t\t\t\t\t\t<div class=\"elementor-swiper-button elementor-swiper-button-next\">\n\t\t\t\t\t\t\t<i aria-hidden=\"true\" class=\"eicon-chevron-right\"><\/i>\t\t\t\t\t\t\t<span class=\"elementor-screen-only\">Next<\/span>\n\t\t\t\t\t\t<\/div>\n\t\t\t\t\t\t\t\t\t\t\t\t<\/div>\n\t\t<\/div>\n\t\t\t\t<\/div>\n\t\t\t\t<\/div>\n\t\t\t\t<div class=\"elementor-element elementor-element-1c2d9a6 aux-appear-watch-animation aux-scale-up elementor-widget elementor-widget-aux_button\" data-id=\"1c2d9a6\" data-element_type=\"widget\" data-widget_type=\"aux_button.default\">\n\t\t\t\t<div class=\"elementor-widget-container\">\n\t\t\t<a  href=\"https:\/\/www.instagram.com\/dsrfootball\/\" target=\"_self\"   class=\"aux-button aux-medium aux-black aux-none\" ><span class=\"aux-overlay\"><\/span><span class=\"aux-text\">DSRFOOTBALL INSTAGRAM<\/span><span class=\"aux-icon fab fa-instagram\"><\/span><\/a>\t\t<\/div>\n\t\t\t\t<\/div>\n\t\t\t\t\t<\/div>\n\t\t<\/div>\n\t\t\t\t\t\t\t<\/div>\n\t\t<\/section>\n\t\t\t\t\t\t\t<\/div>\n\t\t","protected":false},"excerpt":{"rendered":"<p>FOOTBALL AGENT DANIEL RODRIGUES \u00bfQUIEN SOY YO? Daniel Rodrigues Agente de F\u00fatbol Mi nombre es Daniel Rodrigues y soy el fundador de la agencia brasile\u00f1a de deportes DSRFootball. Tengo m\u00e1s de 18 a\u00f1os representando jugadores de f\u00fatbol. Nac\u00ed en la ciudad de Torres, Rio Grande do Sul &#8211; Brasil. Soy Agente FIFA, acreditado por la [&hellip;]<\/p>\n","protected":false},"author":1,"featured_media":0,"parent":0,"menu_order":0,"comment_status":"closed","ping_status":"closed","template":"templates\/page-builder-content.php","meta":{"footnotes":""},"_links":{"self":[{"href":"https:\/\/danieldsr.com\/index.php\/wp-json\/wp\/v2\/pages\/332"}],"collection":[{"href":"https:\/\/danieldsr.com\/index.php\/wp-json\/wp\/v2\/pages"}],"about":[{"href":"https:\/\/danieldsr.com\/index.php\/wp-json\/wp\/v2\/types\/page"}],"author":[{"embeddable":true,"href":"https:\/\/danieldsr.com\/index.php\/wp-json\/wp\/v2\/users\/1"}],"replies":[{"embeddable":true,"href":"https:\/\/danieldsr.com\/index.php\/wp-json\/wp\/v2\/comments?post=332"}],"version-history":[{"count":203,"href":"https:\/\/danieldsr.com\/index.php\/wp-json\/wp\/v2\/pages\/332\/revisions"}],"predecessor-version":[{"id":1060,"href":"https:\/\/danieldsr.com\/index.php\/wp-json\/wp\/v2\/pages\/332\/revisions\/1060"}],"wp:attachment":[{"href":"https:\/\/danieldsr.com\/index.php\/wp-json\/wp\/v2\/media?parent=332"}],"curies":[{"name":"wp","href":"https:\/\/api.w.org\/{rel}","templated":true}]}}